{"id":12,"date":"2020-10-05T12:47:31","date_gmt":"2020-10-05T12:47:31","guid":{"rendered":"https:\/\/themes.muffingroup.com\/be\/ski2\/?page_id=12"},"modified":"2023-01-10T11:33:53","modified_gmt":"2023-01-10T08:33:53","slug":"explore-the-resort","status":"publish","type":"page","link":"https:\/\/veetee.ee\/uus\/explore-the-resort\/","title":{"rendered":"Majutus Annem\u00e4e Puhkemaja"},"content":{"rendered":"<h2>Annem\u00e4e Puhkemaja<\/h2>\n<p style=\"font-family: verdana, geneva; font-size: small; color: #000000; font-style: normal; font-variant-ligatures: normal; font-variant-caps: normal; font-weight: 400; letter-spacing: normal; orphans: 2; text-align: left; text-indent: 0px; text-transform: none; white-space: normal; widows: 2; word-spacing: 0px; -webkit-text-stroke-width: 0px; text-decoration-thickness: initial; text-decoration-style: initial; text-decoration-color: initial;\">Asub\u00a0Otep\u00e4\u00e4 looduspargis V\u00e4ikese Emaj\u00f5e kaldal, 8 km Otep\u00e4\u00e4 kesklinnast K\u00e4\u00e4riku suunas.<\/p>\n<p style=\"font-family: verdana, geneva; font-size: small; color: #000000; font-style: normal; font-variant-ligatures: normal; font-variant-caps: normal; font-weight: 400; letter-spacing: normal; orphans: 2; text-align: left; text-indent: 0px; text-transform: none; white-space: normal; widows: 2; word-spacing: 0px; -webkit-text-stroke-width: 0px; text-decoration-thickness: initial; text-decoration-style: initial; text-decoration-color: initial;\">Puhkemaja \u00fc\u00fcritakse v\u00e4lja \u00fchele seltskonnale korraga. Majutus on m\u00f5eldud 8-le inimesele. T\u00e4iendavalt 2 lisakoha v\u00f5imalus.<\/p>\n<p style=\"font-family: verdana, geneva; font-size: small; color: #000000; font-style: normal; font-variant-ligatures: normal; font-variant-caps: normal; font-weight: 400; letter-spacing: normal; orphans: 2; text-align: left; text-indent: 0px; text-transform: none; white-space: normal; widows: 2; word-spacing: 0px; -webkit-text-stroke-width: 0px; text-decoration-thickness: initial; text-decoration-style: initial; text-decoration-color: initial;\">Soovi korral v\u00f5imalus eelneval kokkuleppel tellida toitlustus &#8220;Saarem\u00e4e K\u00f6\u00f6k O\u00dc-st&#8221;.<\/p>\n<p style=\"font-family: verdana, geneva; font-size: small; color: #000000; font-style: normal; font-variant-ligatures: normal; font-variant-caps: normal; font-weight: 400; letter-spacing: normal; orphans: 2; text-align: left; text-indent: 0px; text-transform: none; white-space: normal; widows: 2; word-spacing: 0px; -webkit-text-stroke-width: 0px; text-decoration-thickness: initial; text-decoration-style: initial; text-decoration-color: initial;\">Puhkemajas on k\u00f6\u00f6ginurk, elektrikerisega saun, kaminaruum, wc, dush ja teisel korrusel asetsevad 2 magamistuba. Saunast saab\u00a0minna otse paisj\u00e4rve.<\/p>\n<h5>Teenused \u2192<\/h5>\n<ul>\n<li>kanuu ja kummipaadi matkad<\/li>\n<li>ratsutamine<\/li>\n<li>paintball<\/li>\n<li>rentida jalgratast<\/li>\n<li>maja tagant l\u00e4heb l\u00e4bi\u00a0Tartu Maratoni suusarada<\/li>\n<li>poole kilomeetri kaugusel asub valgustatud Sihva-K\u00e4\u00e4riku suusa-jalgratta rada<\/li>\n<\/ul>\n<h5><a href=\"http:\/\/veetee.ee\/uus\/contact-us\/\">Kontaktid \u2192<\/a><\/h5>\n<h3>Hinna sisse kuulub:<\/h3>\n<p>*saun<br \/>\n*voodipesud (8 in)<br \/>\n*k\u00f6\u00f6ginurga kasutamine (tehnika, n\u00f5ud jne)<br \/>\n*kaminaruumi kasutamine (kaminapuud ei kuulu hinna sisse)<br \/>\n*l\u00f5kke- v\u00f5i grilliplats \u00f5ues<br \/>\n*TV ja raadio<br \/>\nHINNAD EI SISALDA K\u00c4IBEMAKSU!<\/p>\n<h2><img fetchpriority=\"high\" decoding=\"async\" class=\"alignnone size-full wp-image-340\" src=\"http:\/\/veetee.ee\/uus\/wp-content\/uploads\/2021\/07\/unnamed2.jpg\" alt=\"\" width=\"512\" height=\"342\" srcset=\"https:\/\/veetee.ee\/uus\/wp-content\/uploads\/2021\/07\/unnamed2.jpg 512w, https:\/\/veetee.ee\/uus\/wp-content\/uploads\/2021\/07\/unnamed2-300x200.jpg 300w, https:\/\/veetee.ee\/uus\/wp-content\/uploads\/2021\/07\/unnamed2-219x146.jpg 219w, https:\/\/veetee.ee\/uus\/wp-content\/uploads\/2021\/07\/unnamed2-50x33.jpg 50w, https:\/\/veetee.ee\/uus\/wp-content\/uploads\/2021\/07\/unnamed2-112x75.jpg 112w\" sizes=\"(max-width: 512px) 100vw, 512px\" \/><br \/>\nHinnad<\/h2>\n<p style=\"font-family: verdana, geneva; font-size: small; color: #000000; font-style: normal; font-variant-ligatures: normal; font-variant-caps: normal; font-weight: 400; letter-spacing: normal; orphans: 2; text-align: left; text-indent: 0px; text-transform: none; white-space: normal; widows: 2; word-spacing: 0px; -webkit-text-stroke-width: 0px; text-decoration-thickness: initial; text-decoration-style: initial; text-decoration-color: initial;\"><strong>Puhkemaja rentimine<\/strong><\/p>\n<table style=\"color: #000000; font-family: verdana; font-size: 12px; font-style: normal; font-variant-ligatures: normal; font-variant-caps: normal; font-weight: 400; letter-spacing: normal; orphans: 2; text-align: left; text-transform: none; white-space: normal; widows: 2; word-spacing: 0px; -webkit-text-stroke-width: 0px; text-decoration-thickness: initial; text-decoration-style: initial; text-decoration-color: initial;\" border=\"0\" width=\"539\" cellspacing=\"0\" cellpadding=\"0\">\n<tbody>\n<tr>\n<td style=\"vertical-align: top; text-align: left; font-family: verdana; font-size: 12px; font-weight: normal; color: #000000;\">\n<table border=\"0\" width=\"93%\" cellspacing=\"0\" cellpadding=\"0\" align=\"left\">\n<tbody>\n<tr>\n<td style=\"vertical-align: top; text-align: left; font-family: verdana; font-size: 12px; font-weight: normal; color: #000000;\" valign=\"top\">\n<table border=\"0\" width=\"100%\">\n<tbody>\n<tr>\n<td style=\"vertical-align: top; text-align: left; font-family: verdana; font-size: 12px; font-weight: normal; color: #000000;\">\n<p style=\"font-family: verdana, geneva; font-size: small; font-weight: normal;\"><strong>E-P:<\/strong>\u00a0<strong>200 \u20ac \/24h<\/strong><\/p>\n<\/td>\n<\/tr>\n<\/tbody>\n<\/table>\n<\/td>\n<\/tr>\n<\/tbody>\n<\/table>\n<\/td>\n<\/tr>\n<\/tbody>\n<\/table>\n<p><a role=\"button\" href=\"http:\/\/veetee.ee\/uus\/contact-us\/\"><br \/>\nKontaktid<br \/>\n<\/a><\/p>\n<h2>Puhkemaja pildid<\/h2>\n<p><img decoding=\"async\" class=\"alignnone size-large wp-image-384\" src=\"http:\/\/veetee.ee\/uus\/wp-content\/uploads\/2023\/01\/unnamed.jpg\" alt=\"\" width=\"512\" height=\"342\" srcset=\"https:\/\/veetee.ee\/uus\/wp-content\/uploads\/2023\/01\/unnamed.jpg 512w, https:\/\/veetee.ee\/uus\/wp-content\/uploads\/2023\/01\/unnamed-300x200.jpg 300w, https:\/\/veetee.ee\/uus\/wp-content\/uploads\/2023\/01\/unnamed-219x146.jpg 219w, https:\/\/veetee.ee\/uus\/wp-content\/uploads\/2023\/01\/unnamed-50x33.jpg 50w, https:\/\/veetee.ee\/uus\/wp-content\/uploads\/2023\/01\/unnamed-112x75.jpg 112w\" sizes=\"(max-width: 512px) 100vw, 512px\" \/><img decoding=\"async\" class=\"alignnone size-large wp-image-385\" src=\"http:\/\/veetee.ee\/uus\/wp-content\/uploads\/2023\/01\/unnamed2.jpg\" alt=\"\" width=\"512\" height=\"342\" srcset=\"https:\/\/veetee.ee\/uus\/wp-content\/uploads\/2023\/01\/unnamed2.jpg 512w, https:\/\/veetee.ee\/uus\/wp-content\/uploads\/2023\/01\/unnamed2-300x200.jpg 300w, https:\/\/veetee.ee\/uus\/wp-content\/uploads\/2023\/01\/unnamed2-219x146.jpg 219w, https:\/\/veetee.ee\/uus\/wp-content\/uploads\/2023\/01\/unnamed2-50x33.jpg 50w, https:\/\/veetee.ee\/uus\/wp-content\/uploads\/2023\/01\/unnamed2-112x75.jpg 112w\" sizes=\"(max-width: 512px) 100vw, 512px\" \/><img loading=\"lazy\" decoding=\"async\" class=\"alignnone size-large wp-image-386\" src=\"http:\/\/veetee.ee\/uus\/wp-content\/uploads\/2023\/01\/unnamed3.jpg\" alt=\"\" width=\"512\" height=\"342\" srcset=\"https:\/\/veetee.ee\/uus\/wp-content\/uploads\/2023\/01\/unnamed3.jpg 512w, https:\/\/veetee.ee\/uus\/wp-content\/uploads\/2023\/01\/unnamed3-300x200.jpg 300w, https:\/\/veetee.ee\/uus\/wp-content\/uploads\/2023\/01\/unnamed3-219x146.jpg 219w, https:\/\/veetee.ee\/uus\/wp-content\/uploads\/2023\/01\/unnamed3-50x33.jpg 50w, https:\/\/veetee.ee\/uus\/wp-content\/uploads\/2023\/01\/unnamed3-112x75.jpg 112w\" sizes=\"(max-width: 512px) 100vw, 512px\" \/><img loading=\"lazy\" decoding=\"async\" class=\"alignnone size-large wp-image-387\" src=\"http:\/\/veetee.ee\/uus\/wp-content\/uploads\/2023\/01\/unnamed4.jpg\" alt=\"\" width=\"512\" height=\"342\" srcset=\"https:\/\/veetee.ee\/uus\/wp-content\/uploads\/2023\/01\/unnamed4.jpg 512w, https:\/\/veetee.ee\/uus\/wp-content\/uploads\/2023\/01\/unnamed4-300x200.jpg 300w, https:\/\/veetee.ee\/uus\/wp-content\/uploads\/2023\/01\/unnamed4-219x146.jpg 219w, https:\/\/veetee.ee\/uus\/wp-content\/uploads\/2023\/01\/unnamed4-50x33.jpg 50w, https:\/\/veetee.ee\/uus\/wp-content\/uploads\/2023\/01\/unnamed4-112x75.jpg 112w\" sizes=\"(max-width: 512px) 100vw, 512px\" \/><img loading=\"lazy\" decoding=\"async\" class=\"alignnone size-large wp-image-388\" src=\"http:\/\/veetee.ee\/uus\/wp-content\/uploads\/2023\/01\/unnamed5.jpg\" alt=\"\" width=\"512\" height=\"342\" srcset=\"https:\/\/veetee.ee\/uus\/wp-content\/uploads\/2023\/01\/unnamed5.jpg 512w, https:\/\/veetee.ee\/uus\/wp-content\/uploads\/2023\/01\/unnamed5-300x200.jpg 300w, https:\/\/veetee.ee\/uus\/wp-content\/uploads\/2023\/01\/unnamed5-219x146.jpg 219w, https:\/\/veetee.ee\/uus\/wp-content\/uploads\/2023\/01\/unnamed5-50x33.jpg 50w, https:\/\/veetee.ee\/uus\/wp-content\/uploads\/2023\/01\/unnamed5-112x75.jpg 112w\" sizes=\"(max-width: 512px) 100vw, 512px\" \/><img loading=\"lazy\" decoding=\"async\" class=\"alignnone size-large wp-image-389\" src=\"http:\/\/veetee.ee\/uus\/wp-content\/uploads\/2023\/01\/unnamed6.jpg\" alt=\"\" width=\"512\" height=\"342\" srcset=\"https:\/\/veetee.ee\/uus\/wp-content\/uploads\/2023\/01\/unnamed6.jpg 512w, https:\/\/veetee.ee\/uus\/wp-content\/uploads\/2023\/01\/unnamed6-300x200.jpg 300w, https:\/\/veetee.ee\/uus\/wp-content\/uploads\/2023\/01\/unnamed6-219x146.jpg 219w, https:\/\/veetee.ee\/uus\/wp-content\/uploads\/2023\/01\/unnamed6-50x33.jpg 50w, https:\/\/veetee.ee\/uus\/wp-content\/uploads\/2023\/01\/unnamed6-112x75.jpg 112w\" sizes=\"(max-width: 512px) 100vw, 512px\" \/><img loading=\"lazy\" decoding=\"async\" class=\"alignnone size-large wp-image-390\" src=\"http:\/\/veetee.ee\/uus\/wp-content\/uploads\/2023\/01\/unnamed7.jpg\" alt=\"\" width=\"512\" height=\"342\" srcset=\"https:\/\/veetee.ee\/uus\/wp-content\/uploads\/2023\/01\/unnamed7.jpg 512w, https:\/\/veetee.ee\/uus\/wp-content\/uploads\/2023\/01\/unnamed7-300x200.jpg 300w, https:\/\/veetee.ee\/uus\/wp-content\/uploads\/2023\/01\/unnamed7-219x146.jpg 219w, https:\/\/veetee.ee\/uus\/wp-content\/uploads\/2023\/01\/unnamed7-50x33.jpg 50w, https:\/\/veetee.ee\/uus\/wp-content\/uploads\/2023\/01\/unnamed7-112x75.jpg 112w\" sizes=\"(max-width: 512px) 100vw, 512px\" \/><img loading=\"lazy\" decoding=\"async\" class=\"alignnone size-large wp-image-391\" src=\"http:\/\/veetee.ee\/uus\/wp-content\/uploads\/2023\/01\/unnamed8.jpg\" alt=\"\" width=\"512\" height=\"342\" srcset=\"https:\/\/veetee.ee\/uus\/wp-content\/uploads\/2023\/01\/unnamed8.jpg 512w, https:\/\/veetee.ee\/uus\/wp-content\/uploads\/2023\/01\/unnamed8-300x200.jpg 300w, https:\/\/veetee.ee\/uus\/wp-content\/uploads\/2023\/01\/unnamed8-219x146.jpg 219w, https:\/\/veetee.ee\/uus\/wp-content\/uploads\/2023\/01\/unnamed8-50x33.jpg 50w, https:\/\/veetee.ee\/uus\/wp-content\/uploads\/2023\/01\/unnamed8-112x75.jpg 112w\" sizes=\"(max-width: 512px) 100vw, 512px\" \/><\/p>\n","protected":false},"excerpt":{"rendered":"<p>Annem\u00e4e Puhkemaja Asub\u00a0Otep\u00e4\u00e4 looduspargis V\u00e4ikese Emaj\u00f5e kaldal, 8 km Otep\u00e4\u00e4 kesklinnast K\u00e4\u00e4riku suunas. Puhkemaja \u00fc\u00fcritakse v\u00e4lja \u00fchele seltskonnale korraga. Majutus on m\u00f5eldud 8-le inimesele. T\u00e4iendavalt 2<span class=\"excerpt-hellip\"> [\u2026]<\/span><\/p>\n","protected":false},"author":1,"featured_media":0,"parent":0,"menu_order":0,"comment_status":"closed","ping_status":"closed","template":"","meta":{"footnotes":""},"_links":{"self":[{"href":"https:\/\/veetee.ee\/uus\/wp-json\/wp\/v2\/pages\/12"}],"collection":[{"href":"https:\/\/veetee.ee\/uus\/wp-json\/wp\/v2\/pages"}],"about":[{"href":"https:\/\/veetee.ee\/uus\/wp-json\/wp\/v2\/types\/page"}],"author":[{"embeddable":true,"href":"https:\/\/veetee.ee\/uus\/wp-json\/wp\/v2\/users\/1"}],"replies":[{"embeddable":true,"href":"https:\/\/veetee.ee\/uus\/wp-json\/wp\/v2\/comments?post=12"}],"version-history":[{"count":5,"href":"https:\/\/veetee.ee\/uus\/wp-json\/wp\/v2\/pages\/12\/revisions"}],"predecessor-version":[{"id":396,"href":"https:\/\/veetee.ee\/uus\/wp-json\/wp\/v2\/pages\/12\/revisions\/396"}],"wp:attachment":[{"href":"https:\/\/veetee.ee\/uus\/wp-json\/wp\/v2\/media?parent=12"}],"curies":[{"name":"wp","href":"https:\/\/api.w.org\/{rel}","templated":true}]}}