{"id":14,"date":"2020-10-05T12:47:55","date_gmt":"2020-10-05T12:47:55","guid":{"rendered":"https:\/\/themes.muffingroup.com\/be\/ski2\/?page_id=14"},"modified":"2024-04-01T10:26:47","modified_gmt":"2024-04-01T07:26:47","slug":"contact-us","status":"publish","type":"page","link":"https:\/\/veetee.ee\/uus\/contact-us\/","title":{"rendered":"Kontaktid"},"content":{"rendered":"\t\t<div data-elementor-type=\"wp-page\" data-elementor-id=\"14\" class=\"elementor elementor-14\">\n\t\t\t\t\t\t<section class=\"elementor-section elementor-top-section elementor-element elementor-element-178c440f elementor-section-boxed elementor-section-height-default elementor-section-height-default\" data-id=\"178c440f\" data-element_type=\"section\">\n\t\t\t\t\t\t<div class=\"elementor-container elementor-column-gap-default\">\n\t\t\t\t\t<div class=\"elementor-column elementor-col-100 elementor-top-column elementor-element elementor-element-126551f7\" data-id=\"126551f7\" data-element_type=\"column\">\n\t\t\t<div class=\"elementor-widget-wrap elementor-element-populated\">\n\t\t\t\t\t\t<div class=\"elementor-element elementor-element-57ac03fe elementor-widget elementor-widget-text-editor\" data-id=\"57ac03fe\" data-element_type=\"widget\" data-widget_type=\"text-editor.default\">\n\t\t\t\t<div class=\"elementor-widget-container\">\n\t\t\t\t\t\t\t<h4>Kontaktandmed:<\/h4>\n<p>O\u00dc VEETEE Projekt<br>Nurme talu T\u00f5utsi k\u00fcla, Otep\u00e4\u00e4 vald Valgamaa 67310<br>Reg. Nr. 11106291<\/p>\n<p>Swedbank a\/a 221027256784<\/p>\n<ul>\n<li>\n\t\t\t\t\t\t\t\t\t\t+372 5060987<br>+372 56660987\n\t\t\t\t\t\t\t\t\t<\/li>\n<\/ul>\n<ul>\n<li>\n\t\t\t\t\t\t\t\t\t\tinfo@veetee.ee\n\t\t\t\t\t\t\t\t\t<\/li>\n<\/ul>\n<h5>Suusa\/laua rent avatud 7 p\u00e4eva n\u00e4dalas:<\/h5>\n<p><strong>E-R:&nbsp; <\/strong>11:00 &#8211; 19:00<br><strong>L:<\/strong> &nbsp; &nbsp; 10.00 &#8211; 20.00<br><strong>P:<\/strong> &nbsp; &nbsp; 10.00 &#8211; 18.00<\/p>\n<h4><strong>Kontaktivorm:<\/strong><\/h4>\n<div class=\"wpcf7 no-js\" id=\"wpcf7-f6-o1\" lang=\"et\" dir=\"ltr\">\n<div class=\"screen-reader-response\"><p role=\"status\" aria-live=\"polite\" aria-atomic=\"true\"><\/p> <ul><\/ul><\/div>\n<form action=\"\/uus\/wp-json\/wp\/v2\/pages\/14#wpcf7-f6-o1\" method=\"post\" class=\"wpcf7-form init\" aria-label=\"Contact form\" novalidate=\"novalidate\" data-status=\"init\">\n<div style=\"display: none;\">\n<input type=\"hidden\" name=\"_wpcf7\" value=\"6\" \/>\n<input type=\"hidden\" name=\"_wpcf7_version\" value=\"5.9.3\" \/>\n<input type=\"hidden\" name=\"_wpcf7_locale\" value=\"et\" \/>\n<input type=\"hidden\" name=\"_wpcf7_unit_tag\" value=\"wpcf7-f6-o1\" \/>\n<input type=\"hidden\" name=\"_wpcf7_container_post\" value=\"0\" \/>\n<input type=\"hidden\" name=\"_wpcf7_posted_data_hash\" value=\"\" \/>\n<\/div>\n<p><label> Your name<br \/>\n<span class=\"wpcf7-form-control-wrap\" data-name=\"your-name\"><input size=\"40\" class=\"wpcf7-form-control wpcf7-text wpcf7-validates-as-required\" aria-required=\"true\" aria-invalid=\"false\" value=\"\" type=\"text\" name=\"your-name\" \/><\/span> <\/label>\n<\/p>\n<p><label> Your email<br \/>\n<span class=\"wpcf7-form-control-wrap\" data-name=\"your-email\"><input size=\"40\" class=\"wpcf7-form-control wpcf7-email wpcf7-validates-as-required wpcf7-text wpcf7-validates-as-email\" aria-required=\"true\" aria-invalid=\"false\" value=\"\" type=\"email\" name=\"your-email\" \/><\/span> <\/label>\n<\/p>\n<p><label> Subject<br \/>\n<span class=\"wpcf7-form-control-wrap\" data-name=\"your-subject\"><input size=\"40\" class=\"wpcf7-form-control wpcf7-text wpcf7-validates-as-required\" aria-required=\"true\" aria-invalid=\"false\" value=\"\" type=\"text\" name=\"your-subject\" \/><\/span> <\/label>\n<\/p>\n<p><label> Your message (optional)<br \/>\n<span class=\"wpcf7-form-control-wrap\" data-name=\"your-message\"><textarea cols=\"40\" rows=\"10\" class=\"wpcf7-form-control wpcf7-textarea\" aria-invalid=\"false\" name=\"your-message\"><\/textarea><\/span> <\/label>\n<\/p>\n<p><input class=\"wpcf7-form-control wpcf7-submit has-spinner\" type=\"submit\" value=\"Submit\" \/>\n<\/p><div class=\"wpcf7-response-output\" aria-hidden=\"true\"><\/div>\n<\/form>\n<\/div>\n<br><\/p>\t\t\t\t\t\t<\/div>\n\t\t\t\t<\/div>\n\t\t\t\t\t<\/div>\n\t\t<\/div>\n\t\t\t\t\t<\/div>\n\t\t<\/section>\n\t\t\t\t<\/div>\n\t\t","protected":false},"excerpt":{"rendered":"<p>Kontaktandmed: O\u00dc VEETEE ProjektNurme talu T\u00f5utsi k\u00fcla, Otep\u00e4\u00e4 vald Valgamaa 67310Reg. Nr. 11106291 Swedbank a\/a 221027256784 +372 5060987+372 56660987 info@veetee.ee Suusa\/laua rent avatud 7 p\u00e4eva n\u00e4dalas:<span class=\"excerpt-hellip\"> [\u2026]<\/span><\/p>\n","protected":false},"author":1,"featured_media":0,"parent":0,"menu_order":0,"comment_status":"closed","ping_status":"closed","template":"","meta":{"footnotes":""},"_links":{"self":[{"href":"https:\/\/veetee.ee\/uus\/wp-json\/wp\/v2\/pages\/14"}],"collection":[{"href":"https:\/\/veetee.ee\/uus\/wp-json\/wp\/v2\/pages"}],"about":[{"href":"https:\/\/veetee.ee\/uus\/wp-json\/wp\/v2\/types\/page"}],"author":[{"embeddable":true,"href":"https:\/\/veetee.ee\/uus\/wp-json\/wp\/v2\/users\/1"}],"replies":[{"embeddable":true,"href":"https:\/\/veetee.ee\/uus\/wp-json\/wp\/v2\/comments?post=14"}],"version-history":[{"count":3,"href":"https:\/\/veetee.ee\/uus\/wp-json\/wp\/v2\/pages\/14\/revisions"}],"predecessor-version":[{"id":412,"href":"https:\/\/veetee.ee\/uus\/wp-json\/wp\/v2\/pages\/14\/revisions\/412"}],"wp:attachment":[{"href":"https:\/\/veetee.ee\/uus\/wp-json\/wp\/v2\/media?parent=14"}],"curies":[{"name":"wp","href":"https:\/\/api.w.org\/{rel}","templated":true}]}}