{"id":16,"date":"2020-10-05T12:48:09","date_gmt":"2020-10-05T12:48:09","guid":{"rendered":"https:\/\/themes.muffingroup.com\/be\/ski2\/?page_id=16"},"modified":"2023-04-24T14:12:08","modified_gmt":"2023-04-24T11:12:08","slug":"veetee-matkad","status":"publish","type":"page","link":"https:\/\/veetee.ee\/uus\/veetee-matkad\/","title":{"rendered":"VeeTee Matkad"},"content":{"rendered":"<p>[vc_row][vc_column][vc_column_text]Matkad L\u00f5una-Eesti ja teistel j\u00f5gedel<\/p>\n<p><strong>Ahja j\u00f5gi \/ V\u00f5handu j\u00f5gi \/ Kooraste j\u00e4rvistu \/ Teised j\u00f5ed \/ Kummipaadimatkad \/ Plaanilised Matkad \/ <\/strong><\/p>\n<p>VeeTee on korraldanud matku alates aastast 1994. Matkajuhid on l\u00e4binud mitmed kvaliteedi- ja ohutuse alased koolitused. L\u00e4biviijateks on kogemustega oma ala asjatundjad.<\/p>\n<p><strong>Korraldatava matka \u00f5nnestumiseks on teatud eeldused:<\/strong><\/p>\n<ul>\n<li>tule matkale hea tuju ja kaine peaga<\/li>\n<li>oluline on s\u00f5bralik, abivalmis ja meeldiv seltskond<\/li>\n<li>ilmastikule vastav riietus<\/li>\n<li>toimimine instruktori juhendite kohaselt<\/li>\n<\/ul>\n<p>&gt;K\u00f5ik matkad korraldatakse vastavalt v\u00f5imalustele ja p\u00fc\u00fcdes arvestada klientide soove.<\/p>\n<p>Matkad toimuvad alati &#8211;<strong>&#8220;ei ole kehva ilma vaid on kehv riietus !&#8221;<\/strong><\/p>\n<p>Matka riietus on soovitav valida vastavalt ilmastiku oludele. Riietus v\u00f5imalikult sportlik. Kummikud pole kohustuslikud.<\/p>\n<p>K\u00f5ikide matkade hinna sisse kuulub matkavarustus (paat, m\u00f5la, vest), instruktaaz ja piknik.<\/p>\n<p>Lisaks v\u00e4ljatoodutele on Eestis veel palju teisigi veekogusid, millistel matku korraldada saab. Sellised matkad toimuvad eelneval kokkuleppel nii hinna, toimumise aja, kui ka koha suhtes.<\/p>\n<p>&nbsp;<\/p>\n<table border=\"0\" width=\"539\" cellspacing=\"0\" cellpadding=\"0\">\n<tbody>\n<tr>\n<td>\n<table border=\"0\" width=\"93%\" cellspacing=\"0\" cellpadding=\"0\" align=\"left\">\n<tbody>\n<tr>\n<td valign=\"top\">\n<table border=\"0\" width=\"100%\" cellspacing=\"0\" cellpadding=\"1\">\n<tbody>\n<tr>\n<td align=\"left\" width=\"80%\">Matkade hinnakiri<\/td>\n<\/tr>\n<\/tbody>\n<\/table>\n<table border=\"0\" width=\"100%\">\n<tbody>\n<tr>\n<td>Hinnad alates 25 \u20ac<\/p>\n<p><strong>Rafting<\/strong> ehk kummipaadi matk V\u00f5handul 25 \u20ac inimese kohta matkakorraldus<\/p>\n<p><strong>Ahja<\/strong> 25 \u20ac \u00a0\/ inimese kohta \/ 1p\u00e4ev<\/p>\n<p><strong>Kooraste j\u00e4rvistu<\/strong> 25 \u20ac \/ inimese kohta \/ 1 p\u00e4ev<\/p>\n<p><strong>V\u00f5handu<\/strong> j\u00f5gi 25 \u20ac \u00a0\/ inimese kohta \/ 1 p\u00e4ev<\/p>\n<p>Lapsed k\u00f5ikjal 10 \u20ac \u00a0\/ p\u00e4ev (kui istub keskmisel istmel)<\/p>\n<p>Lapsed kuni 6 aastani tasuta<\/p>\n<p><strong>Hinna sisse kuulub:<\/strong><\/p>\n<ul>\n<li>kanuu<\/li>\n<li>m\u00f5la<\/li>\n<li>p\u00e4\u00e4stevest<\/li>\n<li>instruktaaz<\/li>\n<\/ul>\n<p><strong> LISAKS ON V\u00d5IMALIK TELLIDA<\/strong><\/p>\n<ul>\n<li>kerge eine (seljanka,pirukas ,saiake,tee) HIND 7 \u20ac \/ inimene.<\/li>\n<\/ul>\n<p>HINNAD EI SISALDA K\u00c4IBEMAKSU!<\/p>\n<p>&nbsp;<\/td>\n<\/tr>\n<\/tbody>\n<\/table>\n<\/td>\n<\/tr>\n<\/tbody>\n<\/table>\n<\/td>\n<\/tr>\n<\/tbody>\n<\/table>\n<p><img fetchpriority=\"high\" decoding=\"async\" class=\"alignnone size-large wp-image-326\" src=\"http:\/\/veetee.ee\/uus\/wp-content\/uploads\/2021\/06\/DSC_5662-1024x576.jpg\" alt=\"\" width=\"1024\" height=\"576\" srcset=\"https:\/\/veetee.ee\/uus\/wp-content\/uploads\/2021\/06\/DSC_5662-1024x576.jpg 1024w, https:\/\/veetee.ee\/uus\/wp-content\/uploads\/2021\/06\/DSC_5662-300x169.jpg 300w, https:\/\/veetee.ee\/uus\/wp-content\/uploads\/2021\/06\/DSC_5662-768x432.jpg 768w, https:\/\/veetee.ee\/uus\/wp-content\/uploads\/2021\/06\/DSC_5662-1536x864.jpg 1536w, https:\/\/veetee.ee\/uus\/wp-content\/uploads\/2021\/06\/DSC_5662-2048x1152.jpg 2048w, https:\/\/veetee.ee\/uus\/wp-content\/uploads\/2021\/06\/DSC_5662-260x146.jpg 260w, https:\/\/veetee.ee\/uus\/wp-content\/uploads\/2021\/06\/DSC_5662-50x28.jpg 50w, https:\/\/veetee.ee\/uus\/wp-content\/uploads\/2021\/06\/DSC_5662-133x75.jpg 133w, https:\/\/veetee.ee\/uus\/wp-content\/uploads\/2021\/06\/DSC_5662-1200x675.jpg 1200w\" sizes=\"(max-width: 1024px) 100vw, 1024px\" \/><img decoding=\"async\" class=\"alignnone size-large wp-image-325\" src=\"http:\/\/veetee.ee\/uus\/wp-content\/uploads\/2021\/06\/DSC_5560-1024x576.jpg\" alt=\"\" width=\"1024\" height=\"576\" srcset=\"https:\/\/veetee.ee\/uus\/wp-content\/uploads\/2021\/06\/DSC_5560-1024x576.jpg 1024w, https:\/\/veetee.ee\/uus\/wp-content\/uploads\/2021\/06\/DSC_5560-300x169.jpg 300w, https:\/\/veetee.ee\/uus\/wp-content\/uploads\/2021\/06\/DSC_5560-768x432.jpg 768w, https:\/\/veetee.ee\/uus\/wp-content\/uploads\/2021\/06\/DSC_5560-1536x864.jpg 1536w, https:\/\/veetee.ee\/uus\/wp-content\/uploads\/2021\/06\/DSC_5560-2048x1152.jpg 2048w, https:\/\/veetee.ee\/uus\/wp-content\/uploads\/2021\/06\/DSC_5560-260x146.jpg 260w, https:\/\/veetee.ee\/uus\/wp-content\/uploads\/2021\/06\/DSC_5560-50x28.jpg 50w, https:\/\/veetee.ee\/uus\/wp-content\/uploads\/2021\/06\/DSC_5560-133x75.jpg 133w, https:\/\/veetee.ee\/uus\/wp-content\/uploads\/2021\/06\/DSC_5560-1200x675.jpg 1200w\" sizes=\"(max-width: 1024px) 100vw, 1024px\" \/><img decoding=\"async\" class=\"alignnone size-large wp-image-324\" src=\"http:\/\/veetee.ee\/uus\/wp-content\/uploads\/2021\/06\/DSC_4970-1024x576.jpg\" alt=\"\" width=\"1024\" height=\"576\" srcset=\"https:\/\/veetee.ee\/uus\/wp-content\/uploads\/2021\/06\/DSC_4970-1024x576.jpg 1024w, https:\/\/veetee.ee\/uus\/wp-content\/uploads\/2021\/06\/DSC_4970-300x169.jpg 300w, https:\/\/veetee.ee\/uus\/wp-content\/uploads\/2021\/06\/DSC_4970-768x432.jpg 768w, https:\/\/veetee.ee\/uus\/wp-content\/uploads\/2021\/06\/DSC_4970-1536x864.jpg 1536w, https:\/\/veetee.ee\/uus\/wp-content\/uploads\/2021\/06\/DSC_4970-2048x1152.jpg 2048w, https:\/\/veetee.ee\/uus\/wp-content\/uploads\/2021\/06\/DSC_4970-260x146.jpg 260w, https:\/\/veetee.ee\/uus\/wp-content\/uploads\/2021\/06\/DSC_4970-50x28.jpg 50w, https:\/\/veetee.ee\/uus\/wp-content\/uploads\/2021\/06\/DSC_4970-133x75.jpg 133w, https:\/\/veetee.ee\/uus\/wp-content\/uploads\/2021\/06\/DSC_4970-1200x675.jpg 1200w\" sizes=\"(max-width: 1024px) 100vw, 1024px\" \/><img loading=\"lazy\" decoding=\"async\" class=\"alignnone size-large wp-image-323\" src=\"http:\/\/veetee.ee\/uus\/wp-content\/uploads\/2021\/06\/DSC_4963-1024x576.jpg\" alt=\"\" width=\"1024\" height=\"576\" srcset=\"https:\/\/veetee.ee\/uus\/wp-content\/uploads\/2021\/06\/DSC_4963-1024x576.jpg 1024w, https:\/\/veetee.ee\/uus\/wp-content\/uploads\/2021\/06\/DSC_4963-300x169.jpg 300w, https:\/\/veetee.ee\/uus\/wp-content\/uploads\/2021\/06\/DSC_4963-768x432.jpg 768w, https:\/\/veetee.ee\/uus\/wp-content\/uploads\/2021\/06\/DSC_4963-1536x864.jpg 1536w, https:\/\/veetee.ee\/uus\/wp-content\/uploads\/2021\/06\/DSC_4963-2048x1152.jpg 2048w, https:\/\/veetee.ee\/uus\/wp-content\/uploads\/2021\/06\/DSC_4963-260x146.jpg 260w, https:\/\/veetee.ee\/uus\/wp-content\/uploads\/2021\/06\/DSC_4963-50x28.jpg 50w, https:\/\/veetee.ee\/uus\/wp-content\/uploads\/2021\/06\/DSC_4963-133x75.jpg 133w, https:\/\/veetee.ee\/uus\/wp-content\/uploads\/2021\/06\/DSC_4963-1200x675.jpg 1200w\" sizes=\"(max-width: 1024px) 100vw, 1024px\" \/><\/p>\n<p>[\/vc_column_text][\/vc_column][\/vc_row]<\/p>\n","protected":false},"excerpt":{"rendered":"<p>[vc_row][vc_column][vc_column_text]Matkad L\u00f5una-Eesti ja teistel j\u00f5gedel Ahja j\u00f5gi \/ V\u00f5handu j\u00f5gi \/ Kooraste j\u00e4rvistu \/ Teised j\u00f5ed \/ Kummipaadimatkad \/ Plaanilised Matkad \/ VeeTee on korraldanud matku<span class=\"excerpt-hellip\"> [\u2026]<\/span><\/p>\n","protected":false},"author":1,"featured_media":0,"parent":0,"menu_order":0,"comment_status":"closed","ping_status":"closed","template":"","meta":{"footnotes":""},"_links":{"self":[{"href":"https:\/\/veetee.ee\/uus\/wp-json\/wp\/v2\/pages\/16"}],"collection":[{"href":"https:\/\/veetee.ee\/uus\/wp-json\/wp\/v2\/pages"}],"about":[{"href":"https:\/\/veetee.ee\/uus\/wp-json\/wp\/v2\/types\/page"}],"author":[{"embeddable":true,"href":"https:\/\/veetee.ee\/uus\/wp-json\/wp\/v2\/users\/1"}],"replies":[{"embeddable":true,"href":"https:\/\/veetee.ee\/uus\/wp-json\/wp\/v2\/comments?post=16"}],"version-history":[{"count":5,"href":"https:\/\/veetee.ee\/uus\/wp-json\/wp\/v2\/pages\/16\/revisions"}],"predecessor-version":[{"id":400,"href":"https:\/\/veetee.ee\/uus\/wp-json\/wp\/v2\/pages\/16\/revisions\/400"}],"wp:attachment":[{"href":"https:\/\/veetee.ee\/uus\/wp-json\/wp\/v2\/media?parent=16"}],"curies":[{"name":"wp","href":"https:\/\/api.w.org\/{rel}","templated":true}]}}