{"id":297,"date":"2021-02-02T10:20:08","date_gmt":"2021-02-02T08:20:08","guid":{"rendered":"http:\/\/test.capitale.ee\/?page_id=297"},"modified":"2023-01-10T09:36:03","modified_gmt":"2023-01-10T06:36:03","slug":"veetee","status":"publish","type":"page","link":"https:\/\/veetee.ee\/uus\/veetee\/","title":{"rendered":"VeeTee"},"content":{"rendered":"<p>[vc_row][vc_column][vc_row_inner][vc_column_inner][vc_empty_space][\/vc_column_inner][\/vc_row_inner][vc_column_text]V\u00e4heke VeeTee ajaloost<\/p>\n<p><!-- saved from url=(0051)http:\/\/www.veetee.ee\/index.php?page=veetee&hl=et_ET --><!--StyleSheet Link--><!--StyleSheet Link--><!--StyleSheet Link--><!--StyleSheet Link--><!--StyleSheet Link--><!--StyleSheet Link-->Tegevust alustasime Marjam\u00e4e suusakeskuse haldamisega 1980. ja see kestis kuni aastani 1996. Sellest sai ka alguse meie suusarent, kuna marjam\u00e4gi aga kinni pandi ja omanikud seda edasi m\u00fc\u00fca ei tahtnud siis pidime ennast \u00fcmber kolima otep\u00e4\u00e4le- Valgamaante p\u00f5ik2 ja sealt v\u00f5ib meid praegu ka leida.<\/p>\n<p>Marjakal oli v\u00f5imalus rentida soomest toodud secondh\u00e4nd geari aga omalajal oli see top stuff nendel s\u00f5itja oli \u00fclek\u00fcla mees. Praeguseks oleme oma suusa ja laua varustust tublisti uuendanud ja proovime iga hooaeg end uute mudelitega t\u00e4iustada. Hetkel on meie juurest v\u00f5imalik rentida Head, K2 ja atomicu varustust. Meil on v\u00e4ga suur valike erinevaid vahendeid lumeolude nautimiseks- Murdmaa-, M\u00e4esuusk, Lumelauad, Snowblade, Twintip&#8230;. isegi kelk on olemas (ilma mootoritta).<\/p>\n<p>Veematkade korraldusega alustasime 1994. Esimest korda mindi veele presendist ja kummist CCCR s\u00fcstadega (Need ,mis ise kokku pead panema ja koosnevad miljonist alumiinium pulgast). Peale seda oli endal veepealk\u00e4igu pisik sees ja sama aasta s\u00fcgisel saigi esimesed 6 ilusat v\u00e4rvilst kanuud ostetud. Margi nimeks oli \u201eJ\u00fcri\u201c ja s\u00f5uti suurte ning raskete, isetehtud, puidust m\u00f5ladega. Ilusad n\u00e4gid v\u00e4lja ja \u00f5lad tegid tugevaks&#8230; kaalusid ligigi 6 kilo.<\/p>\n<p>Esimesteks klientideks oli enamasti oma tutvusringond ja s\u00f5brad, sugulased. Nendega sai enamik eesti veekogudest l\u00e4bi k\u00e4idud ja tasapisi hakkasimegi laienema ning paate juurde ostma. Kui kanuutamine juba v\u00e4ga popiks oli muutunud siis oli meil kokku 53 kanuud. Seej\u00e4rel tuli aga turule tulla millegi uuega ja selleks said rafti paadid. Esimesed olid Rootsi p\u00e4ritolu ja kuue kohaga- seega k\u00f5vasti seltskondlikum \u00fcritus kui kahekesi kanuus. Raftid osutusid menukaks ja otsustasime selles suunas ka laieneda ,2001-2 ostsime endale \u00fche venep\u00e4ritolu 10 kohalise kummipaadi mis oli k\u00f5vasti vastupidavam kui tema eelk\u00e4ija. Ja edasi osteti neid igal aastal umbes kaks t\u00fckki juurde. Praeguseks on neid kokku 9. M\u00f5ladki on kergete plastotsa ja alumiinimum varrega mudelite vastu v\u00e4lja vahetatud.<\/p>\n<p>Algusest peale on meie matkad toimunud koos matka-l\u00f5unaga milleks on tradidsiooniline Seljanka, Saiad(kaneelirull), tee ja pirukas(lihapirukas- muhe p\u00e4ts). See on muutunud omamoodi ka meie trademargiks ja asjaks millepoolest meid m\u00e4letatakse. a-la firmanime ei m\u00e4leta aga j\u00f5le hea supp oli. Praeguseks on valmis ehitatud ka Annem\u00e4e puhkemaja valmis ning ajajooksul oleme l\u00e4binud ka mitmeid klienditeenenduse, Matkakorralduse alaseid ja vetelp\u00e4\u00e4ste koolitusi.<\/p>\n<p>. <img fetchpriority=\"high\" decoding=\"async\" class=\"alignnone size-full wp-image-340\" src=\"http:\/\/veetee.ee\/uus\/wp-content\/uploads\/2021\/07\/unnamed2.jpg\" alt=\"\" width=\"512\" height=\"342\" srcset=\"https:\/\/veetee.ee\/uus\/wp-content\/uploads\/2021\/07\/unnamed2.jpg 512w, https:\/\/veetee.ee\/uus\/wp-content\/uploads\/2021\/07\/unnamed2-300x200.jpg 300w, https:\/\/veetee.ee\/uus\/wp-content\/uploads\/2021\/07\/unnamed2-219x146.jpg 219w, https:\/\/veetee.ee\/uus\/wp-content\/uploads\/2021\/07\/unnamed2-50x33.jpg 50w, https:\/\/veetee.ee\/uus\/wp-content\/uploads\/2021\/07\/unnamed2-112x75.jpg 112w\" sizes=\"(max-width: 512px) 100vw, 512px\" \/><\/p>\n<p><img decoding=\"async\" class=\"alignnone wp-image-329 size-large\" src=\"http:\/\/veetee.ee\/uus\/wp-content\/uploads\/2021\/06\/received_133323128710504-768x1024.jpeg\" alt=\"\" width=\"768\" height=\"1024\" srcset=\"https:\/\/veetee.ee\/uus\/wp-content\/uploads\/2021\/06\/received_133323128710504-768x1024.jpeg 768w, https:\/\/veetee.ee\/uus\/wp-content\/uploads\/2021\/06\/received_133323128710504-225x300.jpeg 225w, https:\/\/veetee.ee\/uus\/wp-content\/uploads\/2021\/06\/received_133323128710504-1152x1536.jpeg 1152w, https:\/\/veetee.ee\/uus\/wp-content\/uploads\/2021\/06\/received_133323128710504-1536x2048.jpeg 1536w, https:\/\/veetee.ee\/uus\/wp-content\/uploads\/2021\/06\/received_133323128710504-110x146.jpeg 110w, https:\/\/veetee.ee\/uus\/wp-content\/uploads\/2021\/06\/received_133323128710504-38x50.jpeg 38w, https:\/\/veetee.ee\/uus\/wp-content\/uploads\/2021\/06\/received_133323128710504-56x75.jpeg 56w, https:\/\/veetee.ee\/uus\/wp-content\/uploads\/2021\/06\/received_133323128710504-scaled.jpeg 1920w\" sizes=\"(max-width: 768px) 100vw, 768px\" \/>[\/vc_column_text][\/vc_column][\/vc_row]<\/p>\n","protected":false},"excerpt":{"rendered":"<p>[vc_row][vc_column][vc_row_inner][vc_column_inner][vc_empty_space][\/vc_column_inner][\/vc_row_inner][vc_column_text]V\u00e4heke VeeTee ajaloost Tegevust alustasime Marjam\u00e4e suusakeskuse haldamisega 1980. ja see kestis kuni aastani 1996. Sellest sai ka alguse meie suusarent, kuna marjam\u00e4gi aga kinni pandi<span class=\"excerpt-hellip\"> [\u2026]<\/span><\/p>\n","protected":false},"author":1,"featured_media":0,"parent":0,"menu_order":0,"comment_status":"closed","ping_status":"closed","template":"","meta":{"footnotes":""},"_links":{"self":[{"href":"https:\/\/veetee.ee\/uus\/wp-json\/wp\/v2\/pages\/297"}],"collection":[{"href":"https:\/\/veetee.ee\/uus\/wp-json\/wp\/v2\/pages"}],"about":[{"href":"https:\/\/veetee.ee\/uus\/wp-json\/wp\/v2\/types\/page"}],"author":[{"embeddable":true,"href":"https:\/\/veetee.ee\/uus\/wp-json\/wp\/v2\/users\/1"}],"replies":[{"embeddable":true,"href":"https:\/\/veetee.ee\/uus\/wp-json\/wp\/v2\/comments?post=297"}],"version-history":[{"count":5,"href":"https:\/\/veetee.ee\/uus\/wp-json\/wp\/v2\/pages\/297\/revisions"}],"predecessor-version":[{"id":354,"href":"https:\/\/veetee.ee\/uus\/wp-json\/wp\/v2\/pages\/297\/revisions\/354"}],"wp:attachment":[{"href":"https:\/\/veetee.ee\/uus\/wp-json\/wp\/v2\/media?parent=297"}],"curies":[{"name":"wp","href":"https:\/\/api.w.org\/{rel}","templated":true}]}}