{"id":69,"date":"2020-10-05T12:47:01","date_gmt":"2020-10-05T12:47:01","guid":{"rendered":"https:\/\/themes.muffingroup.com\/be\/ski2\/?page_id=10"},"modified":"2026-01-26T12:13:10","modified_gmt":"2026-01-26T09:13:10","slug":"the-mountain","status":"publish","type":"page","link":"https:\/\/veetee.ee\/uus\/the-mountain\/","title":{"rendered":"Suusk \/ Laud"},"content":{"rendered":"<table style=\"height: 7px;\" border=\"0\" width=\"29\" cellspacing=\"0\" cellpadding=\"1\">\n<tbody>\n<tr>\n<td align=\"left\" width=\"80%\"><\/td>\n<\/tr>\n<\/tbody>\n<\/table>\n<table border=\"0\" width=\"100%\">\n<tbody>\n<tr>\n<td><strong>Lumelaua ja Suusavarustuse rent ja \u00f5pe<br \/>\n<\/strong>Asukohaga Otep\u00e4\u00e4 kesklinn, Lipuv\u00e4ljak 5.<br \/>\nTelefon: 506 0987; 5666 0987Oleme avatud 7 p\u00e4eva n\u00e4dalas:<strong>E-R:\u00a0<\/strong>11:00-19:00<br \/>\n<strong>L:<\/strong>\u00a010.00 &#8211; 20.00<br \/>\n<strong>P:<\/strong>\u00a010.00 &#8211; 18.00<\/td>\n<\/tr>\n<\/tbody>\n<\/table>\n<p>Suusatamise\/lumelaua \u00f5pe (koolitus)<\/p>\n<p>Kogenud instruktorite k\u00e4e all saab \u00f5petust slaalomsuusa, lumelauas\u00f5idu jms algteadmistest.\u00a0Teenus ette tellimisel\u00a0!<\/p>\n<p>\u00d5ppemaks 50 \u20ac\u00a0 inimese kohta<\/p>\n<h5><a href=\" http:\/\/veetee.ee\/uus\/contact-us\/\">Kontaktid\u2192<\/a><\/h5>\n<h2>Hinnakiri<\/h2>\n<table border=\"0\" width=\"400\" align=\"center\">\n<tbody>\n<tr>\n<td colspan=\"2\"><strong>Varustuse rent<\/strong><\/td>\n<\/tr>\n<tr>\n<td>Lumelauakomplekt<\/td>\n<td>20 \u20ac<\/td>\n<\/tr>\n<tr>\n<td>M\u00e4esuusa komplekt<\/td>\n<td>20 \u20ac<\/td>\n<\/tr>\n<tr>\n<td>\n<p dir=\"ltr\" align=\"left\">Blade<\/p>\n<\/td>\n<td>20 \u20ac<\/td>\n<\/tr>\n<tr>\n<td><\/td>\n<td><\/td>\n<\/tr>\n<tr>\n<td>Twintip suusad<\/td>\n<td>20 \u20ac<\/td>\n<\/tr>\n<tr>\n<td>Murdmaasuusad<\/td>\n<td>3h 20 \u20ac<\/p>\n<p>p\u00e4ev 25 \u20ac<\/td>\n<\/tr>\n<tr>\n<td>Suusakepid<\/td>\n<td>5 \u20ac<\/td>\n<\/tr>\n<tr>\n<td>M\u00e4esuusasaapad<\/td>\n<td>10 \u20ac<\/td>\n<\/tr>\n<tr>\n<td>Lumelauasaapad<\/td>\n<td>10 \u20ac<\/td>\n<\/tr>\n<tr>\n<td colspan=\"2\">Prillid\/kiiver\u00a0 \u00a0 \u00a0 \u00a0 \u00a0 \u00a0 \u00a0 \u00a0 \u00a0 \u00a0 \u00a0 \u00a0 \u00a0 \u00a0 \u00a0 \u00a0 \u00a0 \u00a0 \u00a0 \u00a0 \u00a0 \u00a0 \u00a0 \u00a0 \u00a0 \u00a0 \u00a0 \u00a0 \u00a05\u20ac \/ 5\u20ac<\/td>\n<\/tr>\n<tr>\n<td colspan=\"2\"><strong>Hooldus<\/strong><\/td>\n<\/tr>\n<tr>\n<td>Slaalomsuuskade t\u00e4ishooldus<\/td>\n<td>50\/65 \u20ac<\/td>\n<\/tr>\n<tr>\n<td>Lumelaua t\u00e4ishooldus<\/td>\n<td>40 \u20ac<\/td>\n<\/tr>\n<tr>\n<td>Slaalomsuusa m\u00e4\u00e4rimine<\/td>\n<td>20 \u20ac<\/td>\n<\/tr>\n<tr>\n<td>Kantide teritamine<\/td>\n<td>15\/20 \u20ac<\/td>\n<\/tr>\n<tr>\n<td><\/td>\n<td><\/td>\n<\/tr>\n<tr>\n<td colspan=\"2\"><\/td>\n<\/tr>\n<tr>\n<td colspan=\"2\"><strong>Murdmaa<\/strong><\/td>\n<\/tr>\n<tr>\n<td>M\u00e4\u00e4rimine<\/td>\n<td>20 \u20ac<\/td>\n<\/tr>\n<tr>\n<td>Puhastamine<\/td>\n<td>10 \u20ac<\/td>\n<\/tr>\n<tr>\n<td>Suusa p\u00f5hja lihvimine<\/td>\n<td>35 \u20ac<\/td>\n<\/tr>\n<tr>\n<td>NANOX m\u00e4\u00e4rimine<\/td>\n<td>uisk 20 \u20ac<\/p>\n<p>klassika 20 \u20ac<\/td>\n<\/tr>\n<tr>\n<td>Nanox Supernano<\/td>\n<td>uisk\u00a0 \u00a0 \u00a0 \u00a0 65 \u20ac<\/td>\n<\/tr>\n<tr>\n<td>Pidamine<\/td>\n<td>8 \u20ac<\/td>\n<\/tr>\n<tr>\n<td colspan=\"2\"><\/td>\n<\/tr>\n<tr>\n<td colspan=\"2\"><strong>\u00a0<\/strong><\/td>\n<\/tr>\n<tr>\n<td><\/td>\n<td><\/td>\n<\/tr>\n<\/tbody>\n<\/table>\n<p><img decoding=\"async\" src=\"http:\/\/veetee.ee\/uus\/wp-content\/uploads\/2020\/10\/ski2-mountain-icon1.png\" sizes=\"(max-width: 99px) 100vw, 99px\" srcset=\"http:\/\/veetee.ee\/uus\/wp-content\/uploads\/2020\/10\/ski2-mountain-icon1.png 99w, http:\/\/veetee.ee\/uus\/wp-content\/uploads\/2020\/10\/ski2-mountain-icon1.png 50w, http:\/\/veetee.ee\/uus\/wp-content\/uploads\/2020\/10\/ski2-mountain-icon1.png 75w, http:\/\/veetee.ee\/uus\/wp-content\/uploads\/2020\/10\/ski2-mountain-icon1.png 85w, http:\/\/veetee.ee\/uus\/wp-content\/uploads\/2020\/10\/ski2-mountain-icon1.png 80w\" alt=\"\" width=\"99\" height=\"99\" \/><\/p>\n<h4>Suusad<\/h4>\n<p><a role=\"button\" href=\"http:\/\/veetee.ee\/uus\/contact-us\/\"><br \/>\nKontaktid<br \/>\n<\/a><\/p>\n<h3>Meilt on v\u00f5imalik rentida:<\/h3>\n<ul>\n<li>slaalomvarustus pikkusega 0,6 m &#8211; 2.10 m. Slaalomsaabaste suuruste valik 20-48 number jalale. (HEAD,ATOMIC)<\/li>\n<li>Blade&#8217;id (l\u00fchikesed suusad) pikkusega 60 cm &#8211; ca. 90 cm<\/li>\n<li>murdmaa suusad nii klassika, kui ka uisustiili jaoks. Sobivad variandid nii lastele, kui ka t\u00e4iskasvanutele.<\/li>\n<li>kiivreid<\/li>\n<\/ul>\n<h3>Rendi meilt:<\/h3>\n<ul style=\"color: #000000; font-family: verdana; font-size: 12px; font-style: normal; font-variant-ligatures: normal; font-variant-caps: normal; font-weight: 400; letter-spacing: normal; orphans: 2; text-align: left; text-indent: 0px; text-transform: none; white-space: normal; widows: 2; word-spacing: 0px; -webkit-text-stroke-width: 0px; text-decoration-thickness: initial; text-decoration-style: initial; text-decoration-color: initial;\">\n<li style=\"margin-left: 16px;\">lumelauad pikkusega 1.00 m &#8211; ca. 1.60 m (HEAD, K2 )<\/li>\n<\/ul>\n<p><img decoding=\"async\" src=\"http:\/\/veetee.ee\/uus\/wp-content\/uploads\/2020\/10\/ski2-mountain-icon2.png\" sizes=\"(max-width: 99px) 100vw, 99px\" srcset=\"http:\/\/veetee.ee\/uus\/wp-content\/uploads\/2020\/10\/ski2-mountain-icon2.png 99w, http:\/\/veetee.ee\/uus\/wp-content\/uploads\/2020\/10\/ski2-mountain-icon2.png 50w, http:\/\/veetee.ee\/uus\/wp-content\/uploads\/2020\/10\/ski2-mountain-icon2.png 75w, http:\/\/veetee.ee\/uus\/wp-content\/uploads\/2020\/10\/ski2-mountain-icon2.png 85w, http:\/\/veetee.ee\/uus\/wp-content\/uploads\/2020\/10\/ski2-mountain-icon2.png 80w\" alt=\"\" width=\"99\" height=\"99\" \/><\/p>\n<h4>Lumelaud<\/h4>\n<p><a role=\"button\" href=\"http:\/\/veetee.ee\/uus\/contact-us\/\"><br \/>\nKontaktid<br \/>\n<\/a><\/p>\n","protected":false},"excerpt":{"rendered":"<p>Lumelaua ja Suusavarustuse rent ja \u00f5pe Asukohaga Otep\u00e4\u00e4 kesklinn, Lipuv\u00e4ljak 5. Telefon: 506 0987; 5666 0987Oleme avatud 7 p\u00e4eva n\u00e4dalas:E-R:\u00a011:00-19:00 L:\u00a010.00 &#8211; 20.00 P:\u00a010.00 &#8211; 18.00<span class=\"excerpt-hellip\"> [\u2026]<\/span><\/p>\n","protected":false},"author":1,"featured_media":0,"parent":0,"menu_order":0,"comment_status":"closed","ping_status":"closed","template":"","meta":{"footnotes":""},"_links":{"self":[{"href":"https:\/\/veetee.ee\/uus\/wp-json\/wp\/v2\/pages\/69"}],"collection":[{"href":"https:\/\/veetee.ee\/uus\/wp-json\/wp\/v2\/pages"}],"about":[{"href":"https:\/\/veetee.ee\/uus\/wp-json\/wp\/v2\/types\/page"}],"author":[{"embeddable":true,"href":"https:\/\/veetee.ee\/uus\/wp-json\/wp\/v2\/users\/1"}],"replies":[{"embeddable":true,"href":"https:\/\/veetee.ee\/uus\/wp-json\/wp\/v2\/comments?post=69"}],"version-history":[{"count":5,"href":"https:\/\/veetee.ee\/uus\/wp-json\/wp\/v2\/pages\/69\/revisions"}],"predecessor-version":[{"id":421,"href":"https:\/\/veetee.ee\/uus\/wp-json\/wp\/v2\/pages\/69\/revisions\/421"}],"wp:attachment":[{"href":"https:\/\/veetee.ee\/uus\/wp-json\/wp\/v2\/media?parent=69"}],"curies":[{"name":"wp","href":"https:\/\/api.w.org\/{rel}","templated":true}]}}