{"id":8,"date":"2020-10-02T08:42:22","date_gmt":"2020-10-02T08:42:22","guid":{"rendered":"https:\/\/themes.muffingroup.com\/be\/ski2\/?page_id=2"},"modified":"2024-04-01T10:44:38","modified_gmt":"2024-04-01T07:44:38","slug":"sample-page-2","status":"publish","type":"page","link":"https:\/\/veetee.ee\/uus\/","title":{"rendered":"Home"},"content":{"rendered":"<p>[vc_row disable_element=&#8221;yes&#8221;][vc_column][vc_column_text]<\/p>\n<h4>Lumelaua ja Suusarent<\/h4>\n<p>Oleme avatud 7 p\u00e4eva n\u00e4dalas:<\/p>\n<p><strong>E-R:\u00a0 <\/strong>11:00-19:00<br \/>\n<strong>L:<\/strong> \u00a0\u00a0 10.00 &#8211; 20.00<br \/>\n<strong>P:<\/strong> \u00a0 10.00 &#8211; 18.00<\/p>\n<h4><img fetchpriority=\"high\" decoding=\"async\" class=\"alignnone wp-image-413 size-medium\" src=\"https:\/\/veetee.ee\/uus\/wp-content\/uploads\/2024\/04\/20231124_162403laenutus-300x169.jpg\" alt=\"\" width=\"300\" height=\"169\" srcset=\"https:\/\/veetee.ee\/uus\/wp-content\/uploads\/2024\/04\/20231124_162403laenutus-300x169.jpg 300w, https:\/\/veetee.ee\/uus\/wp-content\/uploads\/2024\/04\/20231124_162403laenutus-1024x576.jpg 1024w, https:\/\/veetee.ee\/uus\/wp-content\/uploads\/2024\/04\/20231124_162403laenutus-768x432.jpg 768w, https:\/\/veetee.ee\/uus\/wp-content\/uploads\/2024\/04\/20231124_162403laenutus-1536x864.jpg 1536w, https:\/\/veetee.ee\/uus\/wp-content\/uploads\/2024\/04\/20231124_162403laenutus-2048x1152.jpg 2048w, https:\/\/veetee.ee\/uus\/wp-content\/uploads\/2024\/04\/20231124_162403laenutus-260x146.jpg 260w, https:\/\/veetee.ee\/uus\/wp-content\/uploads\/2024\/04\/20231124_162403laenutus-50x28.jpg 50w, https:\/\/veetee.ee\/uus\/wp-content\/uploads\/2024\/04\/20231124_162403laenutus-133x75.jpg 133w, https:\/\/veetee.ee\/uus\/wp-content\/uploads\/2024\/04\/20231124_162403laenutus-1200x675.jpg 1200w\" sizes=\"(max-width: 300px) 100vw, 300px\" \/><br \/>\nSuusatamise\/lumelaua \u00f5pe (koolitus)<\/h4>\n<p>Kogenud instruktorite k\u00e4e all saab \u00f5petust slaalomsuusa, lumelauas\u00f5idu jms algteadmistest.<br \/>\nTeenus ette tellimisel\u00a0!<\/p>\n<p>\u00d5ppemaks 30 \u20ac\u00a0 inimese kohta<\/p>\n<h5><\/h5>\n<h5><a style=\"color: #ffffff;\" href=\"http:\/\/test.capitale.ee\/explore-the-resort\/\">Annem\u00e4e Puhkemaja \u2192<\/a><br \/>\nPuhkemaja rentimine<\/h5>\n<h5><a style=\"color: #ffffff;\" href=\"http:\/\/veetee.ee\/uus\/explore-the-resort\/\">\u00a0<\/a><\/h5>\n<h5><a style=\"color: #ffffff;\" href=\"http:\/\/test.capitale.ee\/explore-the-resort\/\">Majutustingimused \u2192<\/a><\/h5>\n<h4><strong>Kanuu ja kummipaadi matkad Eesti j\u00f5gedel<\/strong><\/h4>\n<p><a role=\"button\" href=\"http:\/\/veetee.ee\/uus\/veetee-matkad\/\"><br \/>\nLoe veel<br \/>\n<\/a><a href=\"http:\/\/test.capitale.ee\/our-offer\/\"><img decoding=\"async\" class=\"alignnone wp-image-360 size-medium\" src=\"http:\/\/veetee.ee\/uus\/wp-content\/uploads\/2023\/01\/67626151_477795589447482_3855878362534772736_n-300x169.jpg\" alt=\"\" width=\"300\" height=\"169\" srcset=\"https:\/\/veetee.ee\/uus\/wp-content\/uploads\/2023\/01\/67626151_477795589447482_3855878362534772736_n-300x169.jpg 300w, https:\/\/veetee.ee\/uus\/wp-content\/uploads\/2023\/01\/67626151_477795589447482_3855878362534772736_n-768x432.jpg 768w, https:\/\/veetee.ee\/uus\/wp-content\/uploads\/2023\/01\/67626151_477795589447482_3855878362534772736_n-260x146.jpg 260w, https:\/\/veetee.ee\/uus\/wp-content\/uploads\/2023\/01\/67626151_477795589447482_3855878362534772736_n-50x28.jpg 50w, https:\/\/veetee.ee\/uus\/wp-content\/uploads\/2023\/01\/67626151_477795589447482_3855878362534772736_n-133x75.jpg 133w, https:\/\/veetee.ee\/uus\/wp-content\/uploads\/2023\/01\/67626151_477795589447482_3855878362534772736_n.jpg 960w\" sizes=\"(max-width: 300px) 100vw, 300px\" \/><\/a><\/p>\n<h3><!-- saved from url=(0054)http:\/\/www.veetee.ee\/index.php?page=avaleht-2&hl=et_ET --><!--StyleSheet Link--><!--StyleSheet Link--><!--StyleSheet Link--><!--StyleSheet Link--> Meie matkad garanteerivad lustaka elamuse! Tule kas s\u00f5pradega v\u00f5i t\u00f6\u00f6kaaslatega ning tutvu eesti ilusate j\u00f5gede, j\u00e4rvede ning loodusega t\u00e4iesti uuest vaatepunktist. VeeTee pakub t\u00e4is teenust alates paatide rendist, transpordist kuni instruktorite ning l\u00f5unani. V\u00e4ga lihtne viis unustamatu elamuse korraldamiseks ilma suurema planeerimiseta.<\/h3>\n<p><img decoding=\"async\" class=\"alignnone size-large wp-image-61\" src=\"http:\/\/veetee.ee\/uus\/wp-content\/uploads\/2020\/10\/ski2-sep1-1024x27.png\" alt=\"\" width=\"1024\" height=\"27\" srcset=\"https:\/\/veetee.ee\/uus\/wp-content\/uploads\/2020\/10\/ski2-sep1-1024x27.png 1024w, https:\/\/veetee.ee\/uus\/wp-content\/uploads\/2020\/10\/ski2-sep1-300x8.png 300w, https:\/\/veetee.ee\/uus\/wp-content\/uploads\/2020\/10\/ski2-sep1-768x20.png 768w, https:\/\/veetee.ee\/uus\/wp-content\/uploads\/2020\/10\/ski2-sep1-1536x40.png 1536w, https:\/\/veetee.ee\/uus\/wp-content\/uploads\/2020\/10\/ski2-sep1-260x7.png 260w, https:\/\/veetee.ee\/uus\/wp-content\/uploads\/2020\/10\/ski2-sep1-50x1.png 50w, https:\/\/veetee.ee\/uus\/wp-content\/uploads\/2020\/10\/ski2-sep1-150x4.png 150w, https:\/\/veetee.ee\/uus\/wp-content\/uploads\/2020\/10\/ski2-sep1.png 1920w\" sizes=\"(max-width: 1024px) 100vw, 1024px\" \/><\/p>\n<h2>Lumelaua ja Suusavarustuse rent<\/h2>\n<p>Suusatamise\/lumelaua \u00f5pe (koolitus)<\/p>\n<p><a role=\"button\" href=\"http:\/\/veetee.ee\/uus\/the-mountain\/\"><br \/>\nTutvu hindade ja tingimustega<br \/>\n<\/a><\/p>\n<h4>Suusad<\/h4>\n<p>&nbsp;<\/p>\n<h4>Lumelauad<\/h4>\n<p>[\/vc_column_text][\/vc_column][\/vc_row][vc_row][vc_column][vc_column_text]<\/p>\n<h4>Annem\u00e4e Puhkemaja \u2192<br \/>\n<a href=\"http:\/\/veetee.ee\/uus\/explore-the-resort\/\">Puhkemaja rentimine<\/a><\/h4>\n<h4><span style=\"color: #000000;\"><img loading=\"lazy\" decoding=\"async\" class=\"alignnone size-medium wp-image-340\" src=\"http:\/\/veetee.ee\/uus\/wp-content\/uploads\/2021\/07\/unnamed2-300x200.jpg\" alt=\"\" width=\"300\" height=\"200\" srcset=\"https:\/\/veetee.ee\/uus\/wp-content\/uploads\/2021\/07\/unnamed2-300x200.jpg 300w, https:\/\/veetee.ee\/uus\/wp-content\/uploads\/2021\/07\/unnamed2-219x146.jpg 219w, https:\/\/veetee.ee\/uus\/wp-content\/uploads\/2021\/07\/unnamed2-50x33.jpg 50w, https:\/\/veetee.ee\/uus\/wp-content\/uploads\/2021\/07\/unnamed2-112x75.jpg 112w, https:\/\/veetee.ee\/uus\/wp-content\/uploads\/2021\/07\/unnamed2.jpg 512w\" sizes=\"(max-width: 300px) 100vw, 300px\" \/><br \/>\n<\/span><\/h4>\n<h4><strong>Kanuu ja kummipaadi matkad Eesti j\u00f5gedel<\/strong><\/h4>\n<p><a href=\"http:\/\/veetee.ee\/uus\/veetee-matkad\/\">l<\/a><a href=\"http:\/\/veetee.ee\/uus\/veetee-matkad\/\"><img loading=\"lazy\" decoding=\"async\" class=\"alignnone wp-image-368 size-medium\" src=\"http:\/\/veetee.ee\/uus\/wp-content\/uploads\/2023\/01\/104020188_683826762177696_5536178555743433649_n-300x169.jpg\" alt=\"\" width=\"300\" height=\"169\" srcset=\"https:\/\/veetee.ee\/uus\/wp-content\/uploads\/2023\/01\/104020188_683826762177696_5536178555743433649_n-300x169.jpg 300w, https:\/\/veetee.ee\/uus\/wp-content\/uploads\/2023\/01\/104020188_683826762177696_5536178555743433649_n-768x432.jpg 768w, https:\/\/veetee.ee\/uus\/wp-content\/uploads\/2023\/01\/104020188_683826762177696_5536178555743433649_n-260x146.jpg 260w, https:\/\/veetee.ee\/uus\/wp-content\/uploads\/2023\/01\/104020188_683826762177696_5536178555743433649_n-50x28.jpg 50w, https:\/\/veetee.ee\/uus\/wp-content\/uploads\/2023\/01\/104020188_683826762177696_5536178555743433649_n-133x75.jpg 133w, https:\/\/veetee.ee\/uus\/wp-content\/uploads\/2023\/01\/104020188_683826762177696_5536178555743433649_n.jpg 960w\" sizes=\"(max-width: 300px) 100vw, 300px\" \/><\/a><\/p>\n<h3><!-- saved from url=(0054)http:\/\/www.veetee.ee\/index.php?page=avaleht-2&hl=et_ET --><!--StyleSheet Link--><!--StyleSheet Link--><!--StyleSheet Link--><!--StyleSheet Link--> Meie matkad garanteerivad lustaka elamuse! Tule kas s\u00f5pradega v\u00f5i t\u00f6\u00f6kaaslatega ning tutvu eesti ilusate j\u00f5gede, j\u00e4rvede ning loodusega t\u00e4iesti uuest vaatepunktist. VeeTee pakub t\u00e4is teenust alates paatide rendist, transpordist kuni instruktorite ning l\u00f5unani. V\u00e4ga lihtne viis unustamatu elamuse korraldamiseks ilma suurema planeerimiseta.<br \/>\n<img decoding=\"async\" class=\"alignnone size-large wp-image-61\" src=\"http:\/\/veetee.ee\/uus\/wp-content\/uploads\/2020\/10\/ski2-sep1-1024x27.png\" alt=\"\" width=\"1024\" height=\"27\" srcset=\"https:\/\/veetee.ee\/uus\/wp-content\/uploads\/2020\/10\/ski2-sep1-1024x27.png 1024w, https:\/\/veetee.ee\/uus\/wp-content\/uploads\/2020\/10\/ski2-sep1-300x8.png 300w, https:\/\/veetee.ee\/uus\/wp-content\/uploads\/2020\/10\/ski2-sep1-768x20.png 768w, https:\/\/veetee.ee\/uus\/wp-content\/uploads\/2020\/10\/ski2-sep1-1536x40.png 1536w, https:\/\/veetee.ee\/uus\/wp-content\/uploads\/2020\/10\/ski2-sep1-260x7.png 260w, https:\/\/veetee.ee\/uus\/wp-content\/uploads\/2020\/10\/ski2-sep1-50x1.png 50w, https:\/\/veetee.ee\/uus\/wp-content\/uploads\/2020\/10\/ski2-sep1-150x4.png 150w, https:\/\/veetee.ee\/uus\/wp-content\/uploads\/2020\/10\/ski2-sep1.png 1920w\" sizes=\"(max-width: 1024px) 100vw, 1024px\" \/><\/h3>\n<h2>Lumelaua ja Suusavarustuse rent<\/h2>\n<p>Suusatamise\/lumelaua \u00f5pe (koolitus)<\/p>\n<p><a role=\"button\" href=\"http:\/\/veetee.ee\/uus\/the-mountain\/\"><br \/>\nTutvu hindade ja tingimustega<br \/>\n<\/a><\/p>\n<h4>Suusad<\/h4>\n<h4>Lumelauad<br \/>\n<img loading=\"lazy\" decoding=\"async\" class=\"alignnone wp-image-413 \" src=\"https:\/\/veetee.ee\/uus\/wp-content\/uploads\/2024\/04\/20231124_162403laenutus-300x169.jpg\" alt=\"\" width=\"483\" height=\"272\" srcset=\"https:\/\/veetee.ee\/uus\/wp-content\/uploads\/2024\/04\/20231124_162403laenutus-300x169.jpg 300w, https:\/\/veetee.ee\/uus\/wp-content\/uploads\/2024\/04\/20231124_162403laenutus-1024x576.jpg 1024w, https:\/\/veetee.ee\/uus\/wp-content\/uploads\/2024\/04\/20231124_162403laenutus-768x432.jpg 768w, https:\/\/veetee.ee\/uus\/wp-content\/uploads\/2024\/04\/20231124_162403laenutus-1536x864.jpg 1536w, https:\/\/veetee.ee\/uus\/wp-content\/uploads\/2024\/04\/20231124_162403laenutus-2048x1152.jpg 2048w, https:\/\/veetee.ee\/uus\/wp-content\/uploads\/2024\/04\/20231124_162403laenutus-260x146.jpg 260w, https:\/\/veetee.ee\/uus\/wp-content\/uploads\/2024\/04\/20231124_162403laenutus-50x28.jpg 50w, https:\/\/veetee.ee\/uus\/wp-content\/uploads\/2024\/04\/20231124_162403laenutus-133x75.jpg 133w, https:\/\/veetee.ee\/uus\/wp-content\/uploads\/2024\/04\/20231124_162403laenutus-1200x675.jpg 1200w\" sizes=\"(max-width: 483px) 100vw, 483px\" \/><\/h4>\n<p>[\/vc_column_text][\/vc_column][\/vc_row]<\/p>\n","protected":false},"excerpt":{"rendered":"<p>[vc_row disable_element=&#8221;yes&#8221;][vc_column][vc_column_text] Lumelaua ja Suusarent Oleme avatud 7 p\u00e4eva n\u00e4dalas: E-R:\u00a0 11:00-19:00 L: \u00a0\u00a0 10.00 &#8211; 20.00 P: \u00a0 10.00 &#8211; 18.00 Suusatamise\/lumelaua \u00f5pe (koolitus) Kogenud<span class=\"excerpt-hellip\"> [\u2026]<\/span><\/p>\n","protected":false},"author":1,"featured_media":0,"parent":0,"menu_order":0,"comment_status":"closed","ping_status":"closed","template":"","meta":{"footnotes":""},"_links":{"self":[{"href":"https:\/\/veetee.ee\/uus\/wp-json\/wp\/v2\/pages\/8"}],"collection":[{"href":"https:\/\/veetee.ee\/uus\/wp-json\/wp\/v2\/pages"}],"about":[{"href":"https:\/\/veetee.ee\/uus\/wp-json\/wp\/v2\/types\/page"}],"author":[{"embeddable":true,"href":"https:\/\/veetee.ee\/uus\/wp-json\/wp\/v2\/users\/1"}],"replies":[{"embeddable":true,"href":"https:\/\/veetee.ee\/uus\/wp-json\/wp\/v2\/comments?post=8"}],"version-history":[{"count":5,"href":"https:\/\/veetee.ee\/uus\/wp-json\/wp\/v2\/pages\/8\/revisions"}],"predecessor-version":[{"id":418,"href":"https:\/\/veetee.ee\/uus\/wp-json\/wp\/v2\/pages\/8\/revisions\/418"}],"wp:attachment":[{"href":"https:\/\/veetee.ee\/uus\/wp-json\/wp\/v2\/media?parent=8"}],"curies":[{"name":"wp","href":"https:\/\/api.w.org\/{rel}","templated":true}]}}